{"id":51362,"date":"2025-06-11T09:56:04","date_gmt":"2025-06-11T09:56:04","guid":{"rendered":"https:\/\/wegwijzerbergendal.nl\/?page_id=51362"},"modified":"2026-03-04T09:31:37","modified_gmt":"2026-03-04T09:31:37","slug":"algemene-voorwaarden","status":"publish","type":"page","link":"https:\/\/wegwijzerbergendal.nl\/pl\/algemene-voorwaarden\/","title":{"rendered":"Og\u00f3lne warunki handlowe"},"content":{"rendered":"<div data-elementor-type=\"wp-page\" data-elementor-id=\"51362\" class=\"elementor elementor-51362\" data-elementor-post-type=\"page\">\n\t\t\t\t<div class=\"elementor-element elementor-element-3e215a0 e-flex e-con-boxed e-con e-parent\" data-id=\"3e215a0\" data-element_type=\"container\" data-e-type=\"container\">\n\t\t\t\t\t<div class=\"e-con-inner\">\n\t\t<div class=\"elementor-element elementor-element-c4bdcc5 e-con-full e-flex e-con e-child\" data-id=\"c4bdcc5\" data-element_type=\"container\" data-e-type=\"container\">\n\t\t\t\t<div class=\"elementor-element elementor-element-f57e2b0 elementor-widget elementor-widget-text-editor\" data-id=\"f57e2b0\" data-element_type=\"widget\" data-e-type=\"widget\" data-widget_type=\"text-editor.default\">\n\t\t\t\t<div class=\"elementor-widget-container\">\n\t\t\t\t\t\t\t\t\t<h1><strong>Og\u00f3lne warunki handlowe<\/strong><\/h1>\t\t\t\t\t\t\t\t<\/div>\n\t\t\t\t<\/div>\n\t\t\t\t<\/div>\n\t\t\t\t\t<\/div>\n\t\t\t\t<\/div>\n\t\t<div class=\"elementor-element elementor-element-696aac9 e-flex e-con-boxed e-con e-parent\" data-id=\"696aac9\" data-element_type=\"container\" data-e-type=\"container\">\n\t\t\t\t\t<div class=\"e-con-inner\">\n\t\t\t\t<div class=\"elementor-element elementor-element-b32c96e elementor-widget elementor-widget-text-editor\" data-id=\"b32c96e\" data-element_type=\"widget\" data-e-type=\"widget\" data-widget_type=\"text-editor.default\">\n\t\t\t\t<div class=\"elementor-widget-container\">\n\t\t\t\t\t\t\t\t\t<p>Dzia\u0142ania w Wegwijzer Berg en Dal musz\u0105 spe\u0142nia\u0107 nast\u0119puj\u0105ce warunki:<\/p><ul><li>S\u0105 to dzia\u0142ania maj\u0105ce na celu <span style=\"text-decoration: underline;\">spotkanie<\/span> lub <span style=\"text-decoration: underline;\">pomoc.<\/span><\/li><li>Obejmuje dzia\u0142ania lub pomoc, w ramach kt\u00f3rych <span style=\"text-decoration: underline;\">ka\u017cdy<\/span> mo\u017ce wzi\u0105\u0107 udzia\u0142.\u00a0<\/li><li>Preferowane b\u0119d\u0105 dzia\u0142ania, kt\u00f3re mo\u017cna <span style=\"text-decoration: underline;\">uczestniczy\u0107<\/span>, a nie tylko ogl\u0105danie.<\/li><li>Dzia\u0142ania i pomoc s\u0105 nast\u0119puj\u0105ce <span style=\"text-decoration: underline;\">swobodnie dost\u0119pny<\/span>.<\/li><li>Jest <span style=\"text-decoration: underline;\">brak odniesienia<\/span> wymagane od lekarza rodzinnego lub gminy w celu uzyskania dost\u0119pu do dzia\u0142ania lub pomocy.<\/li><li>Mo\u017ce by\u0107 <span style=\"text-decoration: underline;\">brak zysku<\/span> by\u0107 wykonane. Mo\u017cna jednak poprosi\u0107 o pieni\u0105dze na dzia\u0142alno\u015b\u0107 lub pomoc w pokryciu (cz\u0119\u015bci) koszt\u00f3w.\u00a0<\/li><li><span class=\"TextRun SCXW221929263 BCX8\" lang=\"NL-NL\" xml:lang=\"NL-NL\" data-contrast=\"auto\"><span class=\"NormalTextRun SCXW221929263 BCX8\">Na\u00a0<\/span><span class=\"NormalTextRun SCXW221929263 BCX8\">Drogowskaz\u00a0<\/span><span class=\"NormalTextRun SCXW221929263 BCX8\">s\u0105\u00a0<\/span><span class=\"NormalTextRun SCXW221929263 BCX8\"><span style=\"text-decoration: underline;\">brak zaprosze\u0144 do wolontariatu<\/span>.<\/span><\/span><\/li><\/ul><p>Dzia\u0142ania, kt\u00f3re nie spe\u0142niaj\u0105 tych warunk\u00f3w, zostan\u0105 odrzucone przez administratora Wegwijzer Berg en Dal.\u00a0<\/p>\t\t\t\t\t\t\t\t<\/div>\n\t\t\t\t<\/div>\n\t\t\t\t\t<\/div>\n\t\t\t\t<\/div>\n\t\t\t\t<\/div>","protected":false},"excerpt":{"rendered":"<p>Algemene voorwaarden Activiteiten op Wegwijzer Berg en Dal moeten aan de volgende voorwaarden voldoen: Het gaat om activiteiten die gericht zijn op ontmoeting of hulp. Het gaat om activiteiten of hulp waar iedereen aan mee mag doen.\u00a0 De voorkeur gaat uit naar activiteiten waaraan je kunt deelnemen, niet slechts toeschouwen. De activiteiten en hulp zijn [&hellip;]<\/p>\n","protected":false},"author":1126,"featured_media":0,"parent":0,"menu_order":0,"comment_status":"closed","ping_status":"closed","template":"","meta":{"_jf_save_progress":"","footnotes":""},"class_list":["post-51362","page","type-page","status-publish","hentry"],"_links":{"self":[{"href":"https:\/\/wegwijzerbergendal.nl\/pl\/wp-json\/wp\/v2\/pages\/51362","targetHints":{"allow":["GET"]}}],"collection":[{"href":"https:\/\/wegwijzerbergendal.nl\/pl\/wp-json\/wp\/v2\/pages"}],"about":[{"href":"https:\/\/wegwijzerbergendal.nl\/pl\/wp-json\/wp\/v2\/types\/page"}],"author":[{"embeddable":true,"href":"https:\/\/wegwijzerbergendal.nl\/pl\/wp-json\/wp\/v2\/users\/1126"}],"replies":[{"embeddable":true,"href":"https:\/\/wegwijzerbergendal.nl\/pl\/wp-json\/wp\/v2\/comments?post=51362"}],"version-history":[{"count":6,"href":"https:\/\/wegwijzerbergendal.nl\/pl\/wp-json\/wp\/v2\/pages\/51362\/revisions"}],"predecessor-version":[{"id":52786,"href":"https:\/\/wegwijzerbergendal.nl\/pl\/wp-json\/wp\/v2\/pages\/51362\/revisions\/52786"}],"wp:attachment":[{"href":"https:\/\/wegwijzerbergendal.nl\/pl\/wp-json\/wp\/v2\/media?parent=51362"}],"curies":[{"name":"wp","href":"https:\/\/api.w.org\/{rel}","templated":true}]}}