{"id":3,"date":"2024-04-19T11:11:19","date_gmt":"2024-04-19T11:11:19","guid":{"rendered":"https:\/\/staging.wegwijzer024.nl\/?page_id=3"},"modified":"2025-07-30T09:51:13","modified_gmt":"2025-07-30T09:51:13","slug":"privacybeleid","status":"publish","type":"page","link":"https:\/\/wegwijzerbergendal.nl\/tr\/privacybeleid\/","title":{"rendered":"Gizlilik Politikas\u0131"},"content":{"rendered":"<div data-elementor-type=\"wp-page\" data-elementor-id=\"3\" class=\"elementor elementor-3\" data-elementor-post-type=\"page\">\n\t\t\t\t<div class=\"elementor-element elementor-element-5433822f e-flex e-con-boxed e-con e-parent\" data-id=\"5433822f\" data-element_type=\"container\" data-e-type=\"container\">\n\t\t\t\t\t<div class=\"e-con-inner\">\n\t\t\t\t<div class=\"elementor-element elementor-element-7f7d045c elementor-widget elementor-widget-text-editor\" data-id=\"7f7d045c\" data-element_type=\"widget\" data-e-type=\"widget\" data-widget_type=\"text-editor.default\">\n\t\t\t\t<div class=\"elementor-widget-container\">\n\t\t\t\t\t\t\t\t\t<h1><strong>Gizlilik Politikas\u0131<\/strong><\/h1><p>Ki\u015fisel verilerinizin denetleyicisi (bundan b\u00f6yle: Wegwijzer Berg en Dal)<\/p><p><strong>\u0130sim ve yasal form:\u00a0<\/strong>Berg ve Dal Belediyesi<\/p><p><strong>Kay\u0131tl\u0131 ofis adresi:\u00a0<\/strong>Dorpsplein 1, 6562 AH, Groesbeek<\/p><p><strong>\u0130leti\u015fim e-posta adresi:<\/strong>\u00a0<a href=\"mailto:gemeente@bergendal.nl\">gemeente@bergendal.nl<\/a>\u00a0<\/p><p>Wegwijzer Berg en Dal gizlili\u011finize sayg\u0131 duyar ve ki\u015fisel verilerinizi her zaman gereken \u00f6zen ve gizlilikle ele almaya \u00e7al\u0131\u015f\u0131r. Wegwijzer Berg en Dal, Genel Veri Koruma Y\u00f6netmeli\u011fi'ne (\u201cAVG\u201d) ve y\u00fcr\u00fcrl\u00fckteki di\u011fer t\u00fcm d\u00fczenlemelere uymay\u0131 taahh\u00fct eder.<\/p><p>A\u015fa\u011f\u0131da ilgili t\u00fcm ayr\u0131nt\u0131lar\u0131 bulacaks\u0131n\u0131z. Ki\u015fisel Verilerinizin i\u015flenmesine ili\u015fkin di\u011fer sorular\u0131n\u0131z veya yorumlar\u0131n\u0131z i\u00e7in Wegwijzer Berg en Dal'a listelenen ileti\u015fim bilgileri arac\u0131l\u0131\u011f\u0131yla her zaman ula\u015fabilirsiniz.<\/p><ol><li><strong> KAPSAM<\/strong><\/li><\/ol><p>Bu \u201cGizlilik Politikas\u0131\u201d Ki\u015fisel Verilerinizin Wegwijzer Berg en Dal arac\u0131l\u0131\u011f\u0131yla i\u015flenmesi i\u00e7in ge\u00e7erlidir.<\/p><ol start=\"2\"><li><strong> KI\u0307\u015eI\u0307SEL VERI\u0307LER NEDI\u0307R?<\/strong><\/li><\/ol><p>Bu Gizlilik Politikas\u0131nda Ki\u015fisel Veriler, kimli\u011finizin belirlenmesini sa\u011flayan bilgileri ifade eder. Tan\u0131mlanabilir bir ki\u015fi, \u00f6zellikle bir kimlik numaras\u0131 veya fiziksel, fizyolojik, psikolojik, ekonomik, k\u00fclt\u00fcrel veya sosyal kimlikle ilgili bir veya daha fazla fakt\u00f6re at\u0131fta bulunarak do\u011frudan veya dolayl\u0131 olarak tan\u0131mlanabilen ki\u015fidir. Ki\u015fisel Verilerin tipik bir \u00f6rne\u011fi ad\u0131n\u0131z ve e-posta adresinizdir.<\/p><ol start=\"3\"><li><strong> HANGI\u0307 KI\u0307\u015eI\u0307SEL VERI\u0307LERI\u0307 TOPLUYORUZ?<\/strong><\/li><\/ol><p>Wegwijzer Berg en Dal, Ki\u015fisel Verilerinizi a\u015fa\u011f\u0131daki \u00fc\u00e7 kaynaktan toplayabilir:<\/p><p><strong>\u25cb 3.1. Wegwijzer Berg en Dal'a kay\u0131t olurken sa\u011flad\u0131\u011f\u0131n\u0131z, baz\u0131lar\u0131 iste\u011fe ba\u011fl\u0131 olan ki\u015fisel veriler.<\/strong><\/p><p>Wegwijzer Berg en Dal'\u0131n hakk\u0131n\u0131zda toplad\u0131\u011f\u0131 Ki\u015fisel Veriler \u015funlard\u0131r:<\/p><ul><li>Ad\u0131 ve soyad\u0131<\/li><li>E-posta adresi<\/li><li>Telefon numaras\u0131<\/li><\/ul><p>Wegwijzer Berg en Dal, kay\u0131t i\u015flemi s\u0131ras\u0131nda ba\u015fka ki\u015fisel veriler de talep edebilir.<\/p><p><strong>\u25cb 3.2. Wegwijzer Berg en Dal'a kat\u0131ld\u0131\u011f\u0131n\u0131zda sa\u011flad\u0131\u011f\u0131n\u0131z ki\u015fisel veriler.<\/strong><\/p><p>Wegwijzer Berg en Dal'da ger\u00e7ekle\u015ftirdi\u011finiz her t\u00fcrl\u00fc eylem (\u00f6rne\u011fin hesap olu\u015fturma, etkinlik g\u00f6nderme, bizimle ileti\u015fime ge\u00e7me) Ki\u015fisel Veri i\u00e7erir ve kaydedilip saklan\u0131r. Bu t\u00fcr Ki\u015fisel Veriler, varsa, kay\u0131t verilerinizle de ba\u011flant\u0131l\u0131d\u0131r (3.1), bu da Wegwijzer Berg en Dal'\u0131n profil verilerinizi bu kat\u0131l\u0131m verileriyle ili\u015fkilendirebilece\u011fi anlam\u0131na gelir.<\/p><p><strong>\u25cb 3.3. Wegwijzer Berg en Dal'\u0131 ziyaret etti\u011finizde Wegwijzer Berg en Dal taraf\u0131ndan toplanan ki\u015fisel veriler.<\/strong><\/p><p>Giri\u015f sayfam\u0131z\u0131 ziyaret ederseniz, taray\u0131c\u0131n\u0131z\u0131n \u00e7erezleri kabul edip etmedi\u011fini kontrol etmek i\u00e7in ge\u00e7ici bir \u00e7erez saklar\u0131z. Bu \u00e7erez hi\u00e7bir ki\u015fisel veri i\u00e7ermez ve taray\u0131c\u0131n\u0131z\u0131 kapatt\u0131\u011f\u0131n\u0131z anda silinir.<\/p><p>Giri\u015f yapt\u0131ktan sonra, giri\u015f bilgileriniz ve ekran g\u00f6r\u00fcnt\u00fcleme se\u00e7eneklerinizle ilgili baz\u0131 \u00e7erezleri saklayaca\u011f\u0131z. Giri\u015f \u00e7erezleri 2 g\u00fcn, ekran g\u00f6r\u00fcnt\u00fcleme se\u00e7enekleri i\u00e7in \u00e7erezler ise 1 y\u0131l boyunca ge\u00e7erlidir. \u201cBeni hat\u0131rla\u201d se\u00e7ene\u011fini se\u00e7erseniz, giri\u015f bilgileriniz 2 hafta boyunca saklanacakt\u0131r. Hesab\u0131n\u0131zdan \u00e7\u0131k\u0131\u015f yapt\u0131\u011f\u0131n\u0131zda, giri\u015f \u00e7erezleri silinir.<\/p><p>Bir g\u00f6nderiyi d\u00fczenledi\u011finizde veya yay\u0131nlad\u0131\u011f\u0131n\u0131zda, taray\u0131c\u0131n\u0131z taraf\u0131ndan ek bir \u00e7erez saklan\u0131r. Bu \u00e7erez herhangi bir ki\u015fisel veri i\u00e7ermez ve yaln\u0131zca d\u00fczenledi\u011finiz makalenin mesaj kimli\u011fini tutar. Bu \u00e7erezin s\u00fcresi bir g\u00fcn sonra dolar.<\/p><p>Wegwijzer Berg en Dal, hizmetlerini geli\u015ftirmek i\u00e7in kullan\u0131m verilerini de toplayabilir. Bu s\u00fcre\u00e7te hi\u00e7bir Ki\u015fisel Veri toplanmaz.<\/p><p>Yukar\u0131da listelenen i\u015fleme faaliyetleri Wegwijzer Berg en Dal'\u0131n me\u015fru menfaatlerine dayanmaktad\u0131r.<\/p><ol start=\"4\"><li><strong> KI\u0307\u015eI\u0307SEL VERI\u0307LERI\u0307 NASIL KULLANIYORUZ?<\/strong><\/li><\/ol><p>Wegwijzer Berg en Dal Ki\u015fisel Verilerinizi a\u015fa\u011f\u0131daki ama\u00e7lar i\u00e7in kullan\u0131r:<\/p><ul><li>Wegwijzer Berg en Dal'da kullan\u0131c\u0131 profilinizi olu\u015fturmak ve s\u00fcrd\u00fcrmek i\u00e7in.<\/li><li>Kullan\u0131c\u0131 tan\u0131mlama ve kimlik do\u011frulamay\u0131 y\u00f6netmek i\u00e7in.<\/li><li>Wegwijzer Berg en Dal'\u0131 geli\u015ftirmek ve i\u015flevlerini kontrol etmek i\u00e7in.<\/li><\/ul><p>Ki\u015fisel Veriler yaln\u0131zca i\u015fleme amac\u0131 i\u00e7in gerekli olan s\u00fcre boyunca saklanacak ve i\u015flenecektir. Daha sonra Ki\u015fisel Veriler silinecek veya anonim hale getirilecektir.<\/p><ol start=\"5\"><li><strong> KI\u0307\u015eI\u0307SEL VERI\u0307LERI\u0307NI\u0307ZI\u0307 KI\u0307MLERLE VE NEREDE PAYLA\u015eIYORUZ?<\/strong><\/li><\/ol><p>Wegwijzer Berg en Dal, Ki\u015fisel Verilerinizi asla ba\u015fka hizmet sa\u011flay\u0131c\u0131lara satmayacak veya kiralamayacak ya da Ki\u015fisel Verilerinizi AVG'ye uymayan bir hizmet sa\u011flay\u0131c\u0131yla payla\u015fmayacakt\u0131r.<\/p><p>Wegwijzer Berg en Dal, s\u0131n\u0131rl\u0131 ve belirli i\u015fleme faaliyetleri i\u00e7in Avrupa Ekonomik Alan\u0131 d\u0131\u015f\u0131ndan faaliyet g\u00f6steren hizmet sa\u011flay\u0131c\u0131lara g\u00fcveniyorsa, veriler yaln\u0131zca Avrupa Komisyonu'nun Ki\u015fisel Verileriniz i\u00e7in yeterli d\u00fczeyde koruma sa\u011flad\u0131\u011f\u0131n\u0131 onaylad\u0131\u011f\u0131 veya Ki\u015fisel Verilerinizin bu \u00fc\u00e7\u00fcnc\u00fc \u00fclkelerde yasal olarak i\u015flenmesini sa\u011flamak i\u00e7in ba\u015fka \u00f6nlemlerin al\u0131nd\u0131\u011f\u0131 \u00fclkelere aktar\u0131lacakt\u0131r.<\/p><ol start=\"6\"><li><strong> VERI\u0307 SAHI\u0307BI\u0307 OLARAK HAKLARINIZ NELERDI\u0307R?<\/strong><\/li><\/ol><p><strong>\u25cb 6.1. Eri\u015fim hakk\u0131<\/strong><\/p><p>Ki\u015fisel Verilerinize istedi\u011finiz zaman eri\u015fme ve Wegwijzer Berg en Dal'\u0131n Ki\u015fisel Verilerinizi kullan\u0131m\u0131 hakk\u0131nda bilgi alma hakk\u0131na sahipsiniz. Ayr\u0131ca i\u015flenmekte olan Ki\u015fisel Verilerin bir kopyas\u0131n\u0131 da talep edebilirsiniz.<\/p><p><strong>\u25cb 6.2. D\u00fczeltme hakk\u0131<\/strong><\/p><p>Sizinle ilgili yanl\u0131\u015f Ki\u015fisel Verilerin d\u00fczeltilmesini isteme hakk\u0131na sahipsiniz.<\/p><p><strong>\u25cb 6.3. Silme hakk\u0131<\/strong><\/p><p>Wegwijzer Berg en Dal'dan Ki\u015fisel Verilerinizi silmesini isteme hakk\u0131na sahipsiniz. Ancak, Ki\u015fisel Verilerinizin i\u015flenmesi yine de gerekli olabilir. Wegwijzer Berg en Dal Ki\u015fisel Verilerinizi sildi\u011finde, AVG kapsam\u0131ndaki y\u00fck\u00fcml\u00fcl\u00fcklerine uyabilmesini sa\u011flamak i\u00e7in yine de s\u0131n\u0131rl\u0131 miktarda Ki\u015fisel Veriyi saklayabilir.<\/p><p>Ki\u015fisel Verilerin silinmesine y\u00f6nelik bir talebin, belirli hizmetlerin art\u0131k sa\u011flanamayaca\u011f\u0131 anlam\u0131na geldi\u011fini kabul edersiniz.<\/p><p>Hesab\u0131n\u0131z\u0131n Wegwijzer Berg en Dal'dan silinmesini tercih ederseniz, hakk\u0131n\u0131zda toplanan Ki\u015fisel Veriler sunucular\u0131m\u0131zdan silinecektir. Hakk\u0131n\u0131zdaki baz\u0131 Ki\u015fisel Veriler, Wegwijzer Berg en Dal'\u0131n g\u00fcvenlik ve yasal nedenlerle 30 g\u00fcne kadar saklad\u0131\u011f\u0131 giri\u015f bilgilerinde kalabilir.<\/p><p><strong>\u25cb 6.4. \u0130tiraz hakk\u0131<\/strong><\/p><p>Ki\u015fisel Verilerinizin ciddi ve me\u015fru gerek\u00e7elerle i\u015flenmesine itiraz etme hakk\u0131na sahipsiniz. Buna ek olarak, Ki\u015fisel Verilerinizin do\u011frudan pazarlama amac\u0131yla kullan\u0131lmas\u0131na her zaman itiraz etme hakk\u0131na sahipsiniz; bu gibi durumlarda gerek\u00e7e g\u00f6stermeniz gerekmez.<\/p><p><strong>\u25cb 6.5. \u0130\u015flemenin k\u0131s\u0131tlanmas\u0131 hakk\u0131<\/strong><\/p><p>Ki\u015fisel Verilerinizi hukuka ayk\u0131r\u0131 olarak i\u015fledi\u011fimizi d\u00fc\u015f\u00fcn\u00fcyorsan\u0131z i\u015flemeyi k\u0131s\u0131tlama hakk\u0131n\u0131z\u0131 kullanabilirsiniz. Ayr\u0131ca, hakk\u0131n\u0131zda yanl\u0131\u015f Ki\u015fisel Verileri i\u015fledi\u011fimizi d\u00fc\u015f\u00fcn\u00fcyorsan\u0131z, Ki\u015fisel Verilerinizin do\u011frulu\u011funu teyit etmek i\u00e7in gerekli s\u00fcre boyunca i\u015flemeyi k\u0131s\u0131tlamam\u0131z\u0131 talep edebilirsiniz. Ayn\u0131 durum, Ki\u015fisel Verilerinizin i\u015flenmesine itiraz etme hakk\u0131n\u0131z\u0131 kullanman\u0131z halinde de ge\u00e7erlidir. Bu durumda, verilerinizi i\u015flemek i\u00e7in me\u015fru gerek\u00e7elerimizi do\u011frulamak i\u00e7in gerekli s\u00fcre boyunca i\u015flemeyi k\u0131s\u0131tlayabilirsiniz.<\/p><p><strong>\u25cb 6.6. Veri ta\u015f\u0131nabilirli\u011fi hakk\u0131<\/strong><\/p><p>Wegwijzer Berg en Dal'a sa\u011flad\u0131\u011f\u0131n\u0131z Ki\u015fisel Verileri yap\u0131land\u0131r\u0131lm\u0131\u015f, tipik ve makine taraf\u0131ndan okunabilir bir bi\u00e7imde elde etme ve\/veya farkl\u0131 kontrol\u00f6rlere aktar\u0131lmas\u0131n\u0131 sa\u011flama hakk\u0131na sahipsiniz.<\/p><p><strong>\u25cb 6.7. Onay\u0131 geri \u00e7ekme hakk\u0131<\/strong><\/p><p>\u0130\u015flemenin \u00f6nceden verdi\u011finiz onaya dayand\u0131\u011f\u0131 \u00f6l\u00e7\u00fcde, onay\u0131n\u0131z\u0131 geri \u00e7ekme hakk\u0131na sahipsiniz.<\/p><p><strong>\u25cb 6.8 Otomatik karar verme ve profil olu\u015fturma<\/strong><\/p><p>Ki\u015fisel Verilerinizin i\u015flenmesi profil olu\u015fturmay\u0131 i\u00e7ermez ve Wegwijzer Berg en Dal bunlar\u0131 otomatik karar vermeye tabi tutmaz.<\/p><p><strong>\u25cb 6.9. \u015eikayette bulunma hakk\u0131<\/strong><\/p><p>Ayr\u0131ca yetkili bir veri koruma denetim makam\u0131na \u015fikayette bulunma hakk\u0131na da sahipsiniz. A\u015fa\u011f\u0131da Ki\u015fisel Veri Otoritesinin ileti\u015fim bilgilerine at\u0131fta bulunuyoruz. Bununla birlikte, ikamet etti\u011finiz veya \u00e7al\u0131\u015ft\u0131\u011f\u0131n\u0131z yerin bulundu\u011fu ya da olas\u0131 ihlalin meydana geldi\u011fi AEA \u00fclkesinin ulusal denetim makam\u0131na da \u015fikayette bulunabilirsiniz. Her bir AEA devletinin denetim makam\u0131na ili\u015fkin daha fazla bilgi ve ileti\u015fim bilgileri i\u00e7in l\u00fctfen \u015fu adrese ba\u015fvurun\u00a0<a href=\"https:\/\/edpb.europa.eu\/about-edpb\/about-edpb\/members_en\">Avrupa Veri Koruma Kurulu'nun bu web sayfas\u0131<\/a>.<\/p><p>Ki\u015fisel Veri Kurumu<\/p><p><span style=\"font-family: var( --e-global-typography-text-font-family ), Sans-serif; font-size: var( --e-global-typography-text-font-size ); font-weight: var( --e-global-typography-text-font-weight ); text-align: var(--text-align); background-color: var( --e-global-color-accent );\">Posta Kutusu 93374<\/span><\/p><p>2509 AJ Lahey<\/p><p>Tel +31 70 888 8500<\/p><p>https:\/\/autoriteitpersoonsgegevens.nl\/een-tip-of-klacht-indienen-bij-de-ap<\/p><ol start=\"7\"><li><strong> HAKLARINIZI NASIL KULLANABI\u0307LI\u0307RSI\u0307NI\u0307Z?<\/strong><\/li><\/ol><p>\u0130leti\u015fim kurarak haklar\u0131n\u0131z\u0131 kullanabilirsiniz:<\/p><p>- Wegwijzer Berg en Dal, info@wegwijzerbergendal.nl adresine e-posta g\u00f6ndererek ya da PO Box 20, 6560 AA Groesbeek adresine posta yoluyla.<\/p><p>Haklar\u0131n\u0131z\u0131 kullanmak i\u00e7in bir talepte bulundu\u011funuzda, bu konuda makul \u015f\u00fcphelerimiz varsa kimli\u011finizi do\u011frulayaca\u011f\u0131z. Bunu Ki\u015fisel Verilerinizin yanl\u0131\u015f ellere ge\u00e7mesini \u00f6nlemek i\u00e7in yap\u0131yoruz. Kimli\u011finiz hakk\u0131nda \u015f\u00fcphelerimiz varsa, kimlik kart\u0131n\u0131z\u0131n bir kopyas\u0131 gibi kendinizi makul \u015f\u00fcphelerin \u00f6tesinde tan\u0131mlaman\u0131za olanak tan\u0131yan belgeleri bize sa\u011flaman\u0131z\u0131 isteyece\u011fiz. Bu durumda, ulusal kay\u0131t numaran\u0131z ve foto\u011fraf\u0131n\u0131z gibi kimli\u011finizin do\u011frulanmas\u0131 ile ilgili olmayan bilgilerin \u00fczerini \u00e7izmenizi tavsiye ederiz.<\/p><p>Haklar\u0131n\u0131z\u0131 kullanmak prensip olarak \u00fccretsizdir. Ancak, talebiniz a\u00e7\u0131k\u00e7a temelsiz veya a\u015f\u0131r\u0131 g\u00f6r\u00fcn\u00fcyorsa (\u00f6zellikle tekrarlayan do\u011fas\u0131 nedeniyle), kendi idari maliyetlerimizi kar\u015f\u0131lamak i\u00e7in sizden makul bir \u00fccret talep edebiliriz. Bu gibi durumlarda, talebinizi reddetmeyi de tercih edebiliriz. Bu durumda, b\u00f6yle bir karar\u0131n nedenleri size bildirilecektir.<\/p><ol start=\"8\"><li><strong> VERI\u0307 TOPLAMA VE I\u0307\u015eLEME HAKKINDA EK BI\u0307LGI\u0307LER<\/strong><\/li><\/ol><p><strong>\u25cb 8.1. Yasal prosed\u00fcrler<\/strong><\/p><p>Wegwijzer Berg en Dal, Ki\u015fisel Verileri yasal ama\u00e7larla, bu Uygulaman\u0131n veya ilgili hizmetlerin yasa d\u0131\u015f\u0131 kullan\u0131m\u0131 durumunda a\u015famalardan \u00f6nce mahkeme veya yasal i\u015flemlerde kullanabilir. Wegwijzer Berg en Dal'\u0131n, Ki\u015fisel Verilerin i\u015flenmesi i\u00e7in yetkili devlet kurumlar\u0131n\u0131n talebi \u00fczerine Ki\u015fisel Verileri if\u015fa etmesi gerekebilece\u011fini bilmektesiniz. Bu i\u015flemenin yasal dayana\u011f\u0131, \u015fartlar\u0131n kabul edilmesi (s\u00f6zle\u015fmesel dayanak) ve yasal bir y\u00fck\u00fcml\u00fcl\u00fc\u011fe uyma ihtiyac\u0131d\u0131r.<\/p><p><strong>\u25cb 8.2. G\u00fcvenlik \u00f6nlemleri<\/strong><\/p><p>Wegwijzer Berg en Dal, Ki\u015fisel Verilerin imha edilmesini, kaybolmas\u0131n\u0131, tahrif edilmesini, de\u011fi\u015ftirilmesini, yasaklanm\u0131\u015f eri\u015fimini veya \u00fc\u00e7\u00fcnc\u00fc taraflara yetkisiz if\u015fas\u0131n\u0131 ve bu t\u00fcr Ki\u015fisel Verilerin di\u011fer yasaklanm\u0131\u015f i\u015flemlerini \u00f6nlemek i\u00e7in uygun teknolojik ve organizasyonel \u00f6nlemler geli\u015ftirmi\u015ftir. Wegwijzer Berg en Dal, Ki\u015fisel Verilerinizin \u00fc\u00e7\u00fcnc\u00fc bir taraf\u00e7a yanl\u0131\u015f veya yasa d\u0131\u015f\u0131 kullan\u0131m\u0131ndan kaynaklanan do\u011frudan veya dolayl\u0131 zararlardan hi\u00e7bir ko\u015fulda sorumlu tutulamaz. Giri\u015f bilgilerinize ve \u015fifrenize yasaklanm\u0131\u015f eri\u015fimleri engellemek de dahil olmak \u00fczere g\u00fcvenlik talimatlar\u0131na her zaman uymal\u0131s\u0131n\u0131z. Wegwijzer Berg en Dal'\u0131n bilgisayar\u0131n\u0131zda kullan\u0131m\u0131ndan, IP adresinizden ve kimlik verilerinizin yan\u0131 s\u0131ra bunlar\u0131n gizlili\u011finden yaln\u0131zca siz sorumlusunuz.<\/p><p><strong>\u25cb 8.3. Bu gizlilik politikas\u0131ndaki de\u011fi\u015fiklikler<\/strong><\/p><p>Wegwijzer Berg en Dal, bu gizlilik politikas\u0131n\u0131 diledi\u011fi zaman bu sayfada kullan\u0131c\u0131lara bildirmek suretiyle de\u011fi\u015ftirme hakk\u0131n\u0131 sakl\u0131 tutar. Herhangi bir de\u011fi\u015fiklik i\u00e7in bu sayfay\u0131 kontrol etmenizi \u00f6neririz. Son de\u011fi\u015fikli\u011fin tarihi sayfan\u0131n alt\u0131nda belirtilmi\u015ftir. Politikadaki herhangi bir de\u011fi\u015fikli\u011fe itiraz ederseniz, Wegwijzer Berg en Dal'\u0131 kullanmay\u0131 b\u0131rakmal\u0131s\u0131n\u0131z. Aksi belirtilmedik\u00e7e, o zaman ge\u00e7erli olan Gizlilik Politikas\u0131 Wegwijzer Berg en Dal taraf\u0131ndan i\u015flenen t\u00fcm Ki\u015fisel Veriler i\u00e7in ge\u00e7erli olacakt\u0131r.<\/p><p>Son de\u011fi\u015fiklik tarihi: 12 Mart 2025<\/p>\t\t\t\t\t\t\t\t<\/div>\n\t\t\t\t<\/div>\n\t\t\t\t\t<\/div>\n\t\t\t\t<\/div>\n\t\t\t\t<\/div>","protected":false},"excerpt":{"rendered":"<p>Privacybeleid Verantwoordelijke voor de verwerking van uw persoonsgegevens (hierna: Wegwijzer Berg en Dal) Naam en rechtsvorm:\u00a0Gemeente Berg en Dal Adres van de maatschappelijke zetel:\u00a0Dorpsplein 1, 6562 AH, Groesbeek Contact-e-mailadres:\u00a0gemeente@bergendal.nl\u00a0 Wegwijzer Berg en Dal respecteert uw privacy en streeft ernaar om uw persoonsgegevens altijd met de nodige zorgvuldigheid en vertrouwelijkheid te behandelen. Wegwijzer Berg en Dal [&hellip;]<\/p>\n","protected":false},"author":2,"featured_media":0,"parent":0,"menu_order":0,"comment_status":"closed","ping_status":"open","template":"","meta":{"_jf_save_progress":"","footnotes":""},"class_list":["post-3","page","type-page","status-publish","hentry"],"_links":{"self":[{"href":"https:\/\/wegwijzerbergendal.nl\/tr\/wp-json\/wp\/v2\/pages\/3","targetHints":{"allow":["GET"]}}],"collection":[{"href":"https:\/\/wegwijzerbergendal.nl\/tr\/wp-json\/wp\/v2\/pages"}],"about":[{"href":"https:\/\/wegwijzerbergendal.nl\/tr\/wp-json\/wp\/v2\/types\/page"}],"author":[{"embeddable":true,"href":"https:\/\/wegwijzerbergendal.nl\/tr\/wp-json\/wp\/v2\/users\/2"}],"replies":[{"embeddable":true,"href":"https:\/\/wegwijzerbergendal.nl\/tr\/wp-json\/wp\/v2\/comments?post=3"}],"version-history":[{"count":3,"href":"https:\/\/wegwijzerbergendal.nl\/tr\/wp-json\/wp\/v2\/pages\/3\/revisions"}],"predecessor-version":[{"id":51680,"href":"https:\/\/wegwijzerbergendal.nl\/tr\/wp-json\/wp\/v2\/pages\/3\/revisions\/51680"}],"wp:attachment":[{"href":"https:\/\/wegwijzerbergendal.nl\/tr\/wp-json\/wp\/v2\/media?parent=3"}],"curies":[{"name":"wp","href":"https:\/\/api.w.org\/{rel}","templated":true}]}}