{"id":51362,"date":"2025-06-11T09:56:04","date_gmt":"2025-06-11T09:56:04","guid":{"rendered":"https:\/\/wegwijzerbergendal.nl\/?page_id=51362"},"modified":"2026-03-04T09:31:37","modified_gmt":"2026-03-04T09:31:37","slug":"algemene-voorwaarden","status":"publish","type":"page","link":"https:\/\/wegwijzerbergendal.nl\/tr\/algemene-voorwaarden\/","title":{"rendered":"Genel h\u00fck\u00fcm ve ko\u015fullar"},"content":{"rendered":"<div data-elementor-type=\"wp-page\" data-elementor-id=\"51362\" class=\"elementor elementor-51362\" data-elementor-post-type=\"page\">\n\t\t\t\t<div class=\"elementor-element elementor-element-3e215a0 e-flex e-con-boxed e-con e-parent\" data-id=\"3e215a0\" data-element_type=\"container\" data-e-type=\"container\">\n\t\t\t\t\t<div class=\"e-con-inner\">\n\t\t<div class=\"elementor-element elementor-element-c4bdcc5 e-con-full e-flex e-con e-child\" data-id=\"c4bdcc5\" data-element_type=\"container\" data-e-type=\"container\">\n\t\t\t\t<div class=\"elementor-element elementor-element-f57e2b0 elementor-widget elementor-widget-text-editor\" data-id=\"f57e2b0\" data-element_type=\"widget\" data-e-type=\"widget\" data-widget_type=\"text-editor.default\">\n\t\t\t\t<div class=\"elementor-widget-container\">\n\t\t\t\t\t\t\t\t\t<h1><strong>Genel h\u00fck\u00fcm ve ko\u015fullar<\/strong><\/h1>\t\t\t\t\t\t\t\t<\/div>\n\t\t\t\t<\/div>\n\t\t\t\t<\/div>\n\t\t\t\t\t<\/div>\n\t\t\t\t<\/div>\n\t\t<div class=\"elementor-element elementor-element-696aac9 e-flex e-con-boxed e-con e-parent\" data-id=\"696aac9\" data-element_type=\"container\" data-e-type=\"container\">\n\t\t\t\t\t<div class=\"e-con-inner\">\n\t\t\t\t<div class=\"elementor-element elementor-element-b32c96e elementor-widget elementor-widget-text-editor\" data-id=\"b32c96e\" data-element_type=\"widget\" data-e-type=\"widget\" data-widget_type=\"text-editor.default\">\n\t\t\t\t<div class=\"elementor-widget-container\">\n\t\t\t\t\t\t\t\t\t<p>Wegwijzer Berg en Dal'daki faaliyetler a\u015fa\u011f\u0131daki ko\u015fullar\u0131 kar\u015f\u0131lamal\u0131d\u0131r:<\/p><ul><li>Bunlar a\u015fa\u011f\u0131dakileri ama\u00e7layan faaliyetlerdir <span style=\"text-decoration: underline;\">toplant\u0131<\/span> veya <span style=\"text-decoration: underline;\">Yard\u0131m edin.<\/span><\/li><li>A\u015fa\u011f\u0131daki faaliyetler veya yard\u0131mlar\u0131 i\u00e7erir <span style=\"text-decoration: underline;\">herkes<\/span> kat\u0131labilir.\u00a0<\/li><li>Yapabilece\u011finiz faaliyetler tercih edilecektir <span style=\"text-decoration: underline;\">kat\u0131lmak<\/span>, sadece seyretmek de\u011fil.<\/li><li>Faaliyetler ve yard\u0131mlar <span style=\"text-decoration: underline;\">serbest\u00e7e eri\u015filebilir<\/span>.<\/li><li>Burada <span style=\"text-decoration: underline;\">referans yok<\/span> faaliyete veya yard\u0131ma eri\u015fmek i\u00e7in aile hekiminden veya belediyeden gerekli.<\/li><li>Orada olabilir <span style=\"text-decoration: underline;\">k\u00e2r yok<\/span> yap\u0131lmal\u0131d\u0131r. Ancak, faaliyet i\u00e7in para veya masraflar\u0131n (bir k\u0131sm\u0131n\u0131n) kar\u015f\u0131lanmas\u0131 i\u00e7in gerekirse yard\u0131m talep edilebilir.\u00a0<\/li><li><span class=\"TextRun SCXW221929263 BCX8\" lang=\"NL-NL\" xml:lang=\"NL-NL\" data-contrast=\"auto\"><span class=\"NormalTextRun SCXW221929263 BCX8\">\u00dczerinde\u00a0<\/span><span class=\"NormalTextRun SCXW221929263 BCX8\">Tabela\u00a0<\/span><span class=\"NormalTextRun SCXW221929263 BCX8\">vard\u0131r\u00a0<\/span><span class=\"NormalTextRun SCXW221929263 BCX8\"><span style=\"text-decoration: underline;\">g\u00f6n\u00fcll\u00fcl\u00fck \u00e7a\u011fr\u0131s\u0131 yok<\/span>.<\/span><\/span><\/li><\/ul><p>Bu ko\u015fullar\u0131 kar\u015f\u0131lamayan faaliyetler Wegwijzer Berg en Dal y\u00f6neticisi taraf\u0131ndan reddedilecektir.\u00a0<\/p>\t\t\t\t\t\t\t\t<\/div>\n\t\t\t\t<\/div>\n\t\t\t\t\t<\/div>\n\t\t\t\t<\/div>\n\t\t\t\t<\/div>","protected":false},"excerpt":{"rendered":"<p>Algemene voorwaarden Activiteiten op Wegwijzer Berg en Dal moeten aan de volgende voorwaarden voldoen: Het gaat om activiteiten die gericht zijn op ontmoeting of hulp. Het gaat om activiteiten of hulp waar iedereen aan mee mag doen.\u00a0 De voorkeur gaat uit naar activiteiten waaraan je kunt deelnemen, niet slechts toeschouwen. De activiteiten en hulp zijn [&hellip;]<\/p>\n","protected":false},"author":1126,"featured_media":0,"parent":0,"menu_order":0,"comment_status":"closed","ping_status":"closed","template":"","meta":{"_jf_save_progress":"","footnotes":""},"class_list":["post-51362","page","type-page","status-publish","hentry"],"_links":{"self":[{"href":"https:\/\/wegwijzerbergendal.nl\/tr\/wp-json\/wp\/v2\/pages\/51362","targetHints":{"allow":["GET"]}}],"collection":[{"href":"https:\/\/wegwijzerbergendal.nl\/tr\/wp-json\/wp\/v2\/pages"}],"about":[{"href":"https:\/\/wegwijzerbergendal.nl\/tr\/wp-json\/wp\/v2\/types\/page"}],"author":[{"embeddable":true,"href":"https:\/\/wegwijzerbergendal.nl\/tr\/wp-json\/wp\/v2\/users\/1126"}],"replies":[{"embeddable":true,"href":"https:\/\/wegwijzerbergendal.nl\/tr\/wp-json\/wp\/v2\/comments?post=51362"}],"version-history":[{"count":6,"href":"https:\/\/wegwijzerbergendal.nl\/tr\/wp-json\/wp\/v2\/pages\/51362\/revisions"}],"predecessor-version":[{"id":52786,"href":"https:\/\/wegwijzerbergendal.nl\/tr\/wp-json\/wp\/v2\/pages\/51362\/revisions\/52786"}],"wp:attachment":[{"href":"https:\/\/wegwijzerbergendal.nl\/tr\/wp-json\/wp\/v2\/media?parent=51362"}],"curies":[{"name":"wp","href":"https:\/\/api.w.org\/{rel}","templated":true}]}}