{"id":674,"date":"2024-04-30T12:28:37","date_gmt":"2024-04-30T12:28:37","guid":{"rendered":"https:\/\/staging.wegwijzer024.nl\/?page_id=674"},"modified":"2025-01-28T13:58:40","modified_gmt":"2025-01-28T13:58:40","slug":"over-ons","status":"publish","type":"page","link":"https:\/\/wegwijzerbergendal.nl\/tr\/over-ons\/","title":{"rendered":"Over wegwijzer Berg en Dal"},"content":{"rendered":"<div data-elementor-type=\"wp-page\" data-elementor-id=\"674\" class=\"elementor elementor-674\" data-elementor-post-type=\"page\">\n\t\t\t\t<div class=\"elementor-element elementor-element-07266ad e-flex e-con-boxed e-con e-parent\" data-id=\"07266ad\" data-element_type=\"container\" data-e-type=\"container\" id=\"read_this\" data-settings=\"{&quot;background_background&quot;:&quot;classic&quot;}\">\n\t\t\t\t\t<div class=\"e-con-inner\">\n\t\t<div class=\"elementor-element elementor-element-a62dfe9 e-con-full e-flex e-con e-child\" data-id=\"a62dfe9\" data-element_type=\"container\" data-e-type=\"container\">\n\t\t\t\t<div class=\"elementor-element elementor-element-3bcf597 elementor-widget elementor-widget-shortcode\" data-id=\"3bcf597\" data-element_type=\"widget\" data-e-type=\"widget\" data-widget_type=\"shortcode.default\">\n\t\t\t\t<div class=\"elementor-widget-container\">\n\t\t\t\t\t\t\t<div class=\"elementor-shortcode\"><!-- RS_MODULE_CODE_2.5.2 --><div id=\"readspeaker_button1\" class=\"rs_skip rsbtn rs_preserve\"><a class=\"rsbtn_play\" title=\"ReadSpeaker ile metnin okunmas\u0131n\u0131 sa\u011flay\u0131n\" href=\"https:\/\/app-eu.readspeaker.com\/cgi-bin\/rsent?customerid=9455&amp;lang=nl_nl&amp;readid=read_this&amp;url=https%3A%2F%2Fwegwijzerbergendal.nl%2Ftr%2Fwp-json%2Fwp%2Fv2%2Fpages%2F674\"><span class=\"rsbtn_left rsimg rspart\"><span class=\"rsbtn_text\"><span>Okumak \u0130\u00e7in<\/span><\/span><\/span><span class=\"rsbtn_right rsimg rsplay rspart\"><\/span><\/a><\/div><\/div>\n\t\t\t\t\t\t<\/div>\n\t\t\t\t<\/div>\n\t\t\t\t<div class=\"elementor-element elementor-element-9069d9b elementor-widget elementor-widget-heading\" data-id=\"9069d9b\" data-element_type=\"widget\" data-e-type=\"widget\" data-widget_type=\"heading.default\">\n\t\t\t\t<div class=\"elementor-widget-container\">\n\t\t\t\t\t<h1 class=\"elementor-heading-title elementor-size-default\">Hakk\u0131m\u0131zda<\/h1>\t\t\t\t<\/div>\n\t\t\t\t<\/div>\n\t\t\t\t<div class=\"elementor-element elementor-element-3d0a30c elementor-widget elementor-widget-text-editor\" data-id=\"3d0a30c\" data-element_type=\"widget\" data-e-type=\"widget\" data-widget_type=\"text-editor.default\">\n\t\t\t\t<div class=\"elementor-widget-container\">\n\t\t\t\t\t\t\t\t\t<p>Wegwijzer Berg en Dal, Berg en Dal Belediyesi sakinleri i\u00e7in ve onlar taraf\u0131ndan olu\u015fturulan bir platformdur. Sakinler, gruplar ve kurulu\u015flar faaliyetlerini burada vurgulayabilirler.<\/p><p>Wegwijzer Berg en Dal herkesin ziyaret edebilece\u011fi ve kat\u0131labilece\u011fi etkinlikleri listeler. Bunlar para kazand\u0131rmayan faaliyetlerdir.<\/p><p>Berg en Dal Belediyesi, Wegwijzer Berg en Dal'\u0131n y\u00f6neticisidir.<\/p>\t\t\t\t\t\t\t\t<\/div>\n\t\t\t\t<\/div>\n\t\t\t\t<\/div>\n\t\t<div class=\"elementor-element elementor-element-4ee9579 e-con-full e-flex e-con e-child\" data-id=\"4ee9579\" data-element_type=\"container\" data-e-type=\"container\">\n\t\t\t\t<div class=\"elementor-element elementor-element-2877f08 elementor-widget elementor-widget-image\" data-id=\"2877f08\" data-element_type=\"widget\" data-e-type=\"widget\" data-widget_type=\"image.default\">\n\t\t\t\t<div class=\"elementor-widget-container\">\n\t\t\t\t\t\t\t\t\t\t\t\t\t\t\t<img fetchpriority=\"high\" decoding=\"async\" width=\"997\" height=\"1217\" src=\"https:\/\/wegwijzerbergendal.nl\/wp-content\/uploads\/2024\/11\/ddsagfsdaf.png\" class=\"attachment-full size-full wp-image-48287\" alt=\"\" srcset=\"https:\/\/wegwijzerbergendal.nl\/wp-content\/uploads\/2024\/11\/ddsagfsdaf.png 997w, https:\/\/wegwijzerbergendal.nl\/wp-content\/uploads\/2024\/11\/ddsagfsdaf-246x300.png 246w, https:\/\/wegwijzerbergendal.nl\/wp-content\/uploads\/2024\/11\/ddsagfsdaf-839x1024.png 839w, https:\/\/wegwijzerbergendal.nl\/wp-content\/uploads\/2024\/11\/ddsagfsdaf-768x937.png 768w\" sizes=\"(max-width: 997px) 100vw, 997px\" \/>\t\t\t\t\t\t\t\t\t\t\t\t\t\t\t<\/div>\n\t\t\t\t<\/div>\n\t\t\t\t<\/div>\n\t\t\t\t\t<\/div>\n\t\t\t\t<\/div>\n\t\t\t\t<\/div>","protected":false},"excerpt":{"rendered":"<p>Over Wegwijzer Berg en Dal Wegwijzer Berg en Dal is een platform voor en door inwoners van de gemeente Berg en Dal. Inwoners, groepen en organisaties kunnen hier hun activiteit(en) onder de aandacht brengen. Op Wegwijzer Berg en Dal staan activiteiten die iedereen kan bezoeken en waar iedereen aan kan meedoen. Het gaat om activiteiten [&hellip;]<\/p>\n","protected":false},"author":2,"featured_media":0,"parent":0,"menu_order":0,"comment_status":"closed","ping_status":"closed","template":"","meta":{"_jf_save_progress":"","footnotes":""},"class_list":["post-674","page","type-page","status-publish","hentry"],"_links":{"self":[{"href":"https:\/\/wegwijzerbergendal.nl\/tr\/wp-json\/wp\/v2\/pages\/674","targetHints":{"allow":["GET"]}}],"collection":[{"href":"https:\/\/wegwijzerbergendal.nl\/tr\/wp-json\/wp\/v2\/pages"}],"about":[{"href":"https:\/\/wegwijzerbergendal.nl\/tr\/wp-json\/wp\/v2\/types\/page"}],"author":[{"embeddable":true,"href":"https:\/\/wegwijzerbergendal.nl\/tr\/wp-json\/wp\/v2\/users\/2"}],"replies":[{"embeddable":true,"href":"https:\/\/wegwijzerbergendal.nl\/tr\/wp-json\/wp\/v2\/comments?post=674"}],"version-history":[{"count":0,"href":"https:\/\/wegwijzerbergendal.nl\/tr\/wp-json\/wp\/v2\/pages\/674\/revisions"}],"wp:attachment":[{"href":"https:\/\/wegwijzerbergendal.nl\/tr\/wp-json\/wp\/v2\/media?parent=674"}],"curies":[{"name":"wp","href":"https:\/\/api.w.org\/{rel}","templated":true}]}}